{"id":24,"date":"2023-02-09T14:26:49","date_gmt":"2023-02-09T14:26:49","guid":{"rendered":"https:\/\/atelierlabaraque.com\/?page_id=24"},"modified":"2023-06-27T15:00:41","modified_gmt":"2023-06-27T15:00:41","slug":"24-2","status":"publish","type":"page","link":"https:\/\/atelierlabaraque.com\/?page_id=24","title":{"rendered":"Expos et R\u00e9sidences"},"content":{"rendered":"\n<p><\/p>\n\n\n\n<p><strong>2023<\/strong><\/p>\n\n\n\n<p>(Programm\u00e9) Septembre &#8211; Exposition collective \u00ab\u00a0La Grosse expo\u00a0\u00bb, La Cartonnerie de Mesnay\u00a0<\/p>\n\n\n\n<p>De Juin \u00e0 Septembre &#8211; Exposition, Les Passagers du Zinc, Besan\u00e7on<\/p>\n\n\n\n<p>Juin &#8211; Semaine de r\u00e9sidence &#8211; cr\u00e9ation de fanzines, La Cartonnerie de Mesnay<\/p>\n\n\n\n<p>Avril \u2013 Cr\u00e9ation d\u2019une fresque avec des \u00e9l\u00e8ves de lyc\u00e9e, Mouchard<\/p>\n\n\n\n<p>Avril \u2013 Exposition, m\u00e9diation, ateliers autour de la fanzinoth\u00e8que \u2013 Librairie Le Hamac, Arbois<\/p>\n\n\n\n<p>Mars \u2013 Conf\u00e9rence et Exposition &#8211; The Living Commons, Cork, Irlande<\/p>\n\n\n\n<p>F\u00e9vrier \u2013 Salon du livre d\u2019art de Gen\u00e8ve \u2013 P.A.G.E.S<\/p>\n\n\n\n<p><strong>2022<\/strong><\/p>\n\n\n\n<p>Avril &#8211; Mai &#8211; Exposition mus\u00e9e rouget de Lisle, Lons-Le-Saunier<\/p>\n\n\n\n<p><strong>2021<\/strong><\/p>\n\n\n\n<p>Novembre&nbsp;: Salon micro-\u00e9dition \u00ab&nbsp;Viens Voir&nbsp;!&nbsp;\u00bb, Lons-le-Saulnier<\/p>\n\n\n\n<p>Octobre&nbsp;: Salon micro-\u00e9dition \u00ab&nbsp;Cork zine fest&nbsp;\u00bb, Cork, Irlande &nbsp;<\/p>\n\n\n\n<p>Septembre&nbsp;: Exposition collective \u00ab&nbsp;La Grosse expo&nbsp;\u00bb, La cartonnerie de Mesnay&nbsp;<\/p>\n\n\n\n<p><strong>2019<\/strong><\/p>\n\n\n\n<p>Octobre&nbsp;: Salon micro-\u00e9dition \u00ab&nbsp;Cork zine fest&nbsp;\u00bb, Cork, Irlande &nbsp;<\/p>\n\n\n\n<p>Juillet&nbsp;: Exposition, Festival Langfest, Cork, Irlande<\/p>\n\n\n\n<p><strong>2018<\/strong><\/p>\n\n\n\n<p>Octobre&nbsp;: Salon micro-\u00e9dition \u00ab&nbsp;Cork zine fest&nbsp;\u00bb, Cork, Irlande &nbsp;<\/p>\n\n\n\n<figure class=\"wp-block-gallery has-nested-images columns-default is-cropped wp-block-gallery-1 is-layout-flex wp-block-gallery-is-layout-flex\">\n<figure class=\"wp-block-image size-large\"><img loading=\"lazy\" decoding=\"async\" width=\"768\" height=\"1024\" data-id=\"95\" src=\"https:\/\/atelierlabaraque.com\/wp-content\/uploads\/2023\/02\/IMG20220210124246-1-768x1024.jpg\" alt=\"\" class=\"wp-image-95\" srcset=\"https:\/\/atelierlabaraque.com\/wp-content\/uploads\/2023\/02\/IMG20220210124246-1-768x1024.jpg 768w, https:\/\/atelierlabaraque.com\/wp-content\/uploads\/2023\/02\/IMG20220210124246-1-225x300.jpg 225w, https:\/\/atelierlabaraque.com\/wp-content\/uploads\/2023\/02\/IMG20220210124246-1-1152x1536.jpg 1152w, https:\/\/atelierlabaraque.com\/wp-content\/uploads\/2023\/02\/IMG20220210124246-1-1536x2048.jpg 1536w, https:\/\/atelierlabaraque.com\/wp-content\/uploads\/2023\/02\/IMG20220210124246-1-300x400.jpg 300w, https:\/\/atelierlabaraque.com\/wp-content\/uploads\/2023\/02\/IMG20220210124246-1-850x1133.jpg 850w, https:\/\/atelierlabaraque.com\/wp-content\/uploads\/2023\/02\/IMG20220210124246-1-scaled.jpg 1920w\" sizes=\"auto, (max-width: 768px) 100vw, 768px\" \/><\/figure>\n\n\n\n<figure class=\"wp-block-image size-large\"><img loading=\"lazy\" decoding=\"async\" width=\"768\" height=\"1024\" data-id=\"96\" src=\"https:\/\/atelierlabaraque.com\/wp-content\/uploads\/2023\/02\/IMG20211106113422-768x1024.jpg\" alt=\"\" class=\"wp-image-96\" srcset=\"https:\/\/atelierlabaraque.com\/wp-content\/uploads\/2023\/02\/IMG20211106113422-768x1024.jpg 768w, https:\/\/atelierlabaraque.com\/wp-content\/uploads\/2023\/02\/IMG20211106113422-225x300.jpg 225w, https:\/\/atelierlabaraque.com\/wp-content\/uploads\/2023\/02\/IMG20211106113422-1152x1536.jpg 1152w, https:\/\/atelierlabaraque.com\/wp-content\/uploads\/2023\/02\/IMG20211106113422-1536x2048.jpg 1536w, https:\/\/atelierlabaraque.com\/wp-content\/uploads\/2023\/02\/IMG20211106113422-300x400.jpg 300w, https:\/\/atelierlabaraque.com\/wp-content\/uploads\/2023\/02\/IMG20211106113422-850x1133.jpg 850w, https:\/\/atelierlabaraque.com\/wp-content\/uploads\/2023\/02\/IMG20211106113422-scaled.jpg 1920w\" sizes=\"auto, (max-width: 768px) 100vw, 768px\" \/><\/figure>\n\n\n\n<figure class=\"wp-block-image size-large\"><img loading=\"lazy\" decoding=\"async\" width=\"1024\" height=\"768\" data-id=\"97\" src=\"https:\/\/atelierlabaraque.com\/wp-content\/uploads\/2023\/02\/IMG20211106113409-1024x768.jpg\" alt=\"\" class=\"wp-image-97\" srcset=\"https:\/\/atelierlabaraque.com\/wp-content\/uploads\/2023\/02\/IMG20211106113409-1024x768.jpg 1024w, https:\/\/atelierlabaraque.com\/wp-content\/uploads\/2023\/02\/IMG20211106113409-300x225.jpg 300w, https:\/\/atelierlabaraque.com\/wp-content\/uploads\/2023\/02\/IMG20211106113409-768x576.jpg 768w, https:\/\/atelierlabaraque.com\/wp-content\/uploads\/2023\/02\/IMG20211106113409-1536x1152.jpg 1536w, https:\/\/atelierlabaraque.com\/wp-content\/uploads\/2023\/02\/IMG20211106113409-2048x1536.jpg 2048w, https:\/\/atelierlabaraque.com\/wp-content\/uploads\/2023\/02\/IMG20211106113409-850x638.jpg 850w\" sizes=\"auto, (max-width: 1024px) 100vw, 1024px\" \/><\/figure>\n<\/figure>\n\n\n\n<figure class=\"wp-block-gallery has-nested-images columns-default is-cropped wp-block-gallery-2 is-layout-flex wp-block-gallery-is-layout-flex\"><\/figure>\n","protected":false},"excerpt":{"rendered":"<p>2023 (Programm\u00e9) Septembre &#8211; Exposition collective \u00ab\u00a0La Grosse expo\u00a0\u00bb, La Cartonnerie de Mesnay\u00a0 De Juin \u00e0 Septembre &#8211; Exposition, Les Passagers du Zinc, Besan\u00e7on Juin &#8211; Semaine de r\u00e9sidence &#8211; cr\u00e9ation de fanzines, La Cartonnerie de Mesnay Avril \u2013 Cr\u00e9ation d\u2019une fresque avec des \u00e9l\u00e8ves de lyc\u00e9e, Mouchard Avril \u2013 Exposition, m\u00e9diation, ateliers autour de &hellip; <\/p>\n","protected":false},"author":2,"featured_media":0,"parent":0,"menu_order":0,"comment_status":"closed","ping_status":"closed","template":"","meta":{"_themeisle_gutenberg_block_has_review":false,"footnotes":""},"class_list":["post-24","page","type-page","status-publish","hentry"],"_links":{"self":[{"href":"https:\/\/atelierlabaraque.com\/index.php?rest_route=\/wp\/v2\/pages\/24","targetHints":{"allow":["GET"]}}],"collection":[{"href":"https:\/\/atelierlabaraque.com\/index.php?rest_route=\/wp\/v2\/pages"}],"about":[{"href":"https:\/\/atelierlabaraque.com\/index.php?rest_route=\/wp\/v2\/types\/page"}],"author":[{"embeddable":true,"href":"https:\/\/atelierlabaraque.com\/index.php?rest_route=\/wp\/v2\/users\/2"}],"replies":[{"embeddable":true,"href":"https:\/\/atelierlabaraque.com\/index.php?rest_route=%2Fwp%2Fv2%2Fcomments&post=24"}],"version-history":[{"count":6,"href":"https:\/\/atelierlabaraque.com\/index.php?rest_route=\/wp\/v2\/pages\/24\/revisions"}],"predecessor-version":[{"id":149,"href":"https:\/\/atelierlabaraque.com\/index.php?rest_route=\/wp\/v2\/pages\/24\/revisions\/149"}],"wp:attachment":[{"href":"https:\/\/atelierlabaraque.com\/index.php?rest_route=%2Fwp%2Fv2%2Fmedia&parent=24"}],"curies":[{"name":"wp","href":"https:\/\/api.w.org\/{rel}","templated":true}]}}