{"id":33,"date":"2023-02-09T14:34:12","date_gmt":"2023-02-09T14:34:12","guid":{"rendered":"https:\/\/atelierlabaraque.com\/?page_id=33"},"modified":"2023-03-08T10:34:18","modified_gmt":"2023-03-08T10:34:18","slug":"productions","status":"publish","type":"page","link":"https:\/\/atelierlabaraque.com\/?page_id=33","title":{"rendered":"Productions"},"content":{"rendered":"\n<figure class=\"wp-block-gallery has-nested-images columns-default is-cropped wp-block-gallery-1 is-layout-flex wp-block-gallery-is-layout-flex\">\n<figure class=\"wp-block-image size-large\"><img loading=\"lazy\" decoding=\"async\" width=\"1024\" height=\"1024\" data-id=\"123\" src=\"https:\/\/atelierlabaraque.com\/wp-content\/uploads\/2023\/03\/2-1024x1024.png\" alt=\"\" class=\"wp-image-123\" srcset=\"https:\/\/atelierlabaraque.com\/wp-content\/uploads\/2023\/03\/2-1024x1024.png 1024w, https:\/\/atelierlabaraque.com\/wp-content\/uploads\/2023\/03\/2-300x300.png 300w, https:\/\/atelierlabaraque.com\/wp-content\/uploads\/2023\/03\/2-150x150.png 150w, https:\/\/atelierlabaraque.com\/wp-content\/uploads\/2023\/03\/2-768x768.png 768w, https:\/\/atelierlabaraque.com\/wp-content\/uploads\/2023\/03\/2-850x850.png 850w, https:\/\/atelierlabaraque.com\/wp-content\/uploads\/2023\/03\/2.png 1080w\" sizes=\"auto, (max-width: 1024px) 100vw, 1024px\" \/><figcaption class=\"wp-element-caption\">fanzine papier d\u00e9coup\u00e9<\/figcaption><\/figure>\n\n\n\n<figure class=\"wp-block-image size-large\"><img loading=\"lazy\" decoding=\"async\" width=\"1024\" height=\"1024\" data-id=\"127\" src=\"https:\/\/atelierlabaraque.com\/wp-content\/uploads\/2023\/03\/Untitled-design-9-1024x1024.png\" alt=\"\" class=\"wp-image-127\" srcset=\"https:\/\/atelierlabaraque.com\/wp-content\/uploads\/2023\/03\/Untitled-design-9-1024x1024.png 1024w, https:\/\/atelierlabaraque.com\/wp-content\/uploads\/2023\/03\/Untitled-design-9-300x300.png 300w, https:\/\/atelierlabaraque.com\/wp-content\/uploads\/2023\/03\/Untitled-design-9-150x150.png 150w, https:\/\/atelierlabaraque.com\/wp-content\/uploads\/2023\/03\/Untitled-design-9-768x768.png 768w, https:\/\/atelierlabaraque.com\/wp-content\/uploads\/2023\/03\/Untitled-design-9-850x850.png 850w, https:\/\/atelierlabaraque.com\/wp-content\/uploads\/2023\/03\/Untitled-design-9.png 1080w\" sizes=\"auto, (max-width: 1024px) 100vw, 1024px\" \/><figcaption class=\"wp-element-caption\">composition triptyque papier d\u00e9coup\u00e9<\/figcaption><\/figure>\n\n\n\n<figure class=\"wp-block-image size-large\"><img loading=\"lazy\" decoding=\"async\" width=\"1024\" height=\"1024\" data-id=\"128\" src=\"https:\/\/atelierlabaraque.com\/wp-content\/uploads\/2023\/03\/Untitled-design-13-1024x1024.png\" alt=\"\" class=\"wp-image-128\" srcset=\"https:\/\/atelierlabaraque.com\/wp-content\/uploads\/2023\/03\/Untitled-design-13-1024x1024.png 1024w, https:\/\/atelierlabaraque.com\/wp-content\/uploads\/2023\/03\/Untitled-design-13-300x300.png 300w, https:\/\/atelierlabaraque.com\/wp-content\/uploads\/2023\/03\/Untitled-design-13-150x150.png 150w, https:\/\/atelierlabaraque.com\/wp-content\/uploads\/2023\/03\/Untitled-design-13-768x768.png 768w, https:\/\/atelierlabaraque.com\/wp-content\/uploads\/2023\/03\/Untitled-design-13-850x850.png 850w, https:\/\/atelierlabaraque.com\/wp-content\/uploads\/2023\/03\/Untitled-design-13.png 1080w\" sizes=\"auto, (max-width: 1024px) 100vw, 1024px\" \/><figcaption class=\"wp-element-caption\">composition papier d\u00e9coup\u00e9<\/figcaption><\/figure>\n<\/figure>\n\n\n\n<figure class=\"wp-block-gallery has-nested-images columns-default is-cropped wp-block-gallery-2 is-layout-flex wp-block-gallery-is-layout-flex\">\n<figure class=\"wp-block-image size-large\"><img loading=\"lazy\" decoding=\"async\" width=\"1024\" height=\"1024\" data-id=\"122\" src=\"https:\/\/atelierlabaraque.com\/wp-content\/uploads\/2023\/03\/1-1-1024x1024.png\" alt=\"\" class=\"wp-image-122\" srcset=\"https:\/\/atelierlabaraque.com\/wp-content\/uploads\/2023\/03\/1-1-1024x1024.png 1024w, https:\/\/atelierlabaraque.com\/wp-content\/uploads\/2023\/03\/1-1-300x300.png 300w, https:\/\/atelierlabaraque.com\/wp-content\/uploads\/2023\/03\/1-1-150x150.png 150w, https:\/\/atelierlabaraque.com\/wp-content\/uploads\/2023\/03\/1-1-768x768.png 768w, https:\/\/atelierlabaraque.com\/wp-content\/uploads\/2023\/03\/1-1-850x850.png 850w, https:\/\/atelierlabaraque.com\/wp-content\/uploads\/2023\/03\/1-1.png 1080w\" sizes=\"auto, (max-width: 1024px) 100vw, 1024px\" \/><figcaption class=\"wp-element-caption\">Fanzine illustr\u00e9 et s\u00e9rigraphi\u00e9<\/figcaption><\/figure>\n\n\n\n<figure class=\"wp-block-image size-large\"><img loading=\"lazy\" decoding=\"async\" width=\"1080\" height=\"1080\" data-id=\"121\" src=\"https:\/\/atelierlabaraque.com\/wp-content\/uploads\/2023\/03\/4-1024x1024.png\" alt=\"\" class=\"wp-image-121\" srcset=\"https:\/\/atelierlabaraque.com\/wp-content\/uploads\/2023\/03\/4-1024x1024.png 1024w, https:\/\/atelierlabaraque.com\/wp-content\/uploads\/2023\/03\/4-300x300.png 300w, https:\/\/atelierlabaraque.com\/wp-content\/uploads\/2023\/03\/4-150x150.png 150w, https:\/\/atelierlabaraque.com\/wp-content\/uploads\/2023\/03\/4-768x768.png 768w, https:\/\/atelierlabaraque.com\/wp-content\/uploads\/2023\/03\/4-850x850.png 850w, https:\/\/atelierlabaraque.com\/wp-content\/uploads\/2023\/03\/4.png 1080w\" sizes=\"auto, (max-width: 1080px) 100vw, 1080px\" \/><figcaption class=\"wp-element-caption\">Fanzine illustr\u00e9 et s\u00e9rigraphi\u00e9<\/figcaption><\/figure>\n<\/figure>\n\n\n<div class=\"wp-block-image\">\n<figure class=\"aligncenter size-large is-resized\"><img loading=\"lazy\" decoding=\"async\" src=\"https:\/\/atelierlabaraque.com\/wp-content\/uploads\/2023\/03\/brocoli-couleurs-RVB-sticker-contour-blanc-845x1024.png\" alt=\"\" class=\"wp-image-130\" width=\"358\" height=\"434\" srcset=\"https:\/\/atelierlabaraque.com\/wp-content\/uploads\/2023\/03\/brocoli-couleurs-RVB-sticker-contour-blanc-845x1024.png 845w, https:\/\/atelierlabaraque.com\/wp-content\/uploads\/2023\/03\/brocoli-couleurs-RVB-sticker-contour-blanc-248x300.png 248w, https:\/\/atelierlabaraque.com\/wp-content\/uploads\/2023\/03\/brocoli-couleurs-RVB-sticker-contour-blanc-768x930.png 768w, https:\/\/atelierlabaraque.com\/wp-content\/uploads\/2023\/03\/brocoli-couleurs-RVB-sticker-contour-blanc-1268x1536.png 1268w, https:\/\/atelierlabaraque.com\/wp-content\/uploads\/2023\/03\/brocoli-couleurs-RVB-sticker-contour-blanc-1691x2048.png 1691w, https:\/\/atelierlabaraque.com\/wp-content\/uploads\/2023\/03\/brocoli-couleurs-RVB-sticker-contour-blanc-300x363.png 300w, https:\/\/atelierlabaraque.com\/wp-content\/uploads\/2023\/03\/brocoli-couleurs-RVB-sticker-contour-blanc-850x1030.png 850w\" sizes=\"auto, (max-width: 358px) 100vw, 358px\" \/><figcaption class=\"wp-element-caption\">illustration<\/figcaption><\/figure>\n<\/div>\n\n\n<figure class=\"wp-block-gallery has-nested-images columns-default is-cropped wp-block-gallery-3 is-layout-flex wp-block-gallery-is-layout-flex\">\n<figure class=\"wp-block-image size-large\"><img loading=\"lazy\" decoding=\"async\" width=\"1024\" height=\"1024\" data-id=\"132\" src=\"https:\/\/atelierlabaraque.com\/wp-content\/uploads\/2023\/03\/2-4-1-1024x1024.png\" alt=\"\" class=\"wp-image-132\" srcset=\"https:\/\/atelierlabaraque.com\/wp-content\/uploads\/2023\/03\/2-4-1-1024x1024.png 1024w, https:\/\/atelierlabaraque.com\/wp-content\/uploads\/2023\/03\/2-4-1-300x300.png 300w, https:\/\/atelierlabaraque.com\/wp-content\/uploads\/2023\/03\/2-4-1-150x150.png 150w, https:\/\/atelierlabaraque.com\/wp-content\/uploads\/2023\/03\/2-4-1-768x768.png 768w, https:\/\/atelierlabaraque.com\/wp-content\/uploads\/2023\/03\/2-4-1-850x850.png 850w, https:\/\/atelierlabaraque.com\/wp-content\/uploads\/2023\/03\/2-4-1.png 1080w\" sizes=\"auto, (max-width: 1024px) 100vw, 1024px\" \/><figcaption class=\"wp-element-caption\">micro-\u00e9dition photo argentique<\/figcaption><\/figure>\n\n\n\n<figure class=\"wp-block-image size-large\"><img loading=\"lazy\" decoding=\"async\" width=\"1024\" height=\"1024\" data-id=\"131\" src=\"https:\/\/atelierlabaraque.com\/wp-content\/uploads\/2023\/03\/1-4-1024x1024.png\" alt=\"\" class=\"wp-image-131\" srcset=\"https:\/\/atelierlabaraque.com\/wp-content\/uploads\/2023\/03\/1-4-1024x1024.png 1024w, https:\/\/atelierlabaraque.com\/wp-content\/uploads\/2023\/03\/1-4-300x300.png 300w, https:\/\/atelierlabaraque.com\/wp-content\/uploads\/2023\/03\/1-4-150x150.png 150w, https:\/\/atelierlabaraque.com\/wp-content\/uploads\/2023\/03\/1-4-768x768.png 768w, https:\/\/atelierlabaraque.com\/wp-content\/uploads\/2023\/03\/1-4-850x850.png 850w, https:\/\/atelierlabaraque.com\/wp-content\/uploads\/2023\/03\/1-4.png 1080w\" sizes=\"auto, (max-width: 1024px) 100vw, 1024px\" \/><figcaption class=\"wp-element-caption\">micro-\u00e9dition photo argentique<\/figcaption><\/figure>\n<\/figure>\n\n\n\n<figure class=\"wp-block-gallery has-nested-images columns-default is-cropped wp-block-gallery-4 is-layout-flex wp-block-gallery-is-layout-flex\">\n<figure class=\"wp-block-image size-large\"><img loading=\"lazy\" decoding=\"async\" width=\"1024\" height=\"1024\" data-id=\"126\" src=\"https:\/\/atelierlabaraque.com\/wp-content\/uploads\/2023\/03\/20221228_185811_0000-1024x1024.png\" alt=\"\" class=\"wp-image-126\" srcset=\"https:\/\/atelierlabaraque.com\/wp-content\/uploads\/2023\/03\/20221228_185811_0000-1024x1024.png 1024w, https:\/\/atelierlabaraque.com\/wp-content\/uploads\/2023\/03\/20221228_185811_0000-300x300.png 300w, https:\/\/atelierlabaraque.com\/wp-content\/uploads\/2023\/03\/20221228_185811_0000-150x150.png 150w, https:\/\/atelierlabaraque.com\/wp-content\/uploads\/2023\/03\/20221228_185811_0000-768x768.png 768w, https:\/\/atelierlabaraque.com\/wp-content\/uploads\/2023\/03\/20221228_185811_0000-850x850.png 850w, https:\/\/atelierlabaraque.com\/wp-content\/uploads\/2023\/03\/20221228_185811_0000.png 1080w\" sizes=\"auto, (max-width: 1024px) 100vw, 1024px\" \/><figcaption class=\"wp-element-caption\">papier artisanal et impression tampon<\/figcaption><\/figure>\n\n\n\n<figure class=\"wp-block-image size-large\"><img loading=\"lazy\" decoding=\"async\" width=\"1024\" height=\"1024\" data-id=\"124\" src=\"https:\/\/atelierlabaraque.com\/wp-content\/uploads\/2023\/03\/20221228_185919_0000-1024x1024.png\" alt=\"\" class=\"wp-image-124\" srcset=\"https:\/\/atelierlabaraque.com\/wp-content\/uploads\/2023\/03\/20221228_185919_0000-1024x1024.png 1024w, https:\/\/atelierlabaraque.com\/wp-content\/uploads\/2023\/03\/20221228_185919_0000-300x300.png 300w, https:\/\/atelierlabaraque.com\/wp-content\/uploads\/2023\/03\/20221228_185919_0000-150x150.png 150w, https:\/\/atelierlabaraque.com\/wp-content\/uploads\/2023\/03\/20221228_185919_0000-768x768.png 768w, https:\/\/atelierlabaraque.com\/wp-content\/uploads\/2023\/03\/20221228_185919_0000-850x850.png 850w, https:\/\/atelierlabaraque.com\/wp-content\/uploads\/2023\/03\/20221228_185919_0000.png 1080w\" sizes=\"auto, (max-width: 1024px) 100vw, 1024px\" \/><figcaption class=\"wp-element-caption\">papier artisanal et impression tampon<\/figcaption><\/figure>\n\n\n\n<figure class=\"wp-block-image size-large\"><img loading=\"lazy\" decoding=\"async\" width=\"1024\" height=\"1024\" data-id=\"125\" src=\"https:\/\/atelierlabaraque.com\/wp-content\/uploads\/2023\/03\/20221228_214117_0000-1024x1024.png\" alt=\"\" class=\"wp-image-125\" srcset=\"https:\/\/atelierlabaraque.com\/wp-content\/uploads\/2023\/03\/20221228_214117_0000-1024x1024.png 1024w, https:\/\/atelierlabaraque.com\/wp-content\/uploads\/2023\/03\/20221228_214117_0000-300x300.png 300w, https:\/\/atelierlabaraque.com\/wp-content\/uploads\/2023\/03\/20221228_214117_0000-150x150.png 150w, https:\/\/atelierlabaraque.com\/wp-content\/uploads\/2023\/03\/20221228_214117_0000-768x768.png 768w, https:\/\/atelierlabaraque.com\/wp-content\/uploads\/2023\/03\/20221228_214117_0000-850x850.png 850w, https:\/\/atelierlabaraque.com\/wp-content\/uploads\/2023\/03\/20221228_214117_0000.png 1080w\" sizes=\"auto, (max-width: 1024px) 100vw, 1024px\" \/><figcaption class=\"wp-element-caption\">papier artisanal et impression tampon<\/figcaption><\/figure>\n<\/figure>\n","protected":false},"excerpt":{"rendered":"","protected":false},"author":2,"featured_media":0,"parent":0,"menu_order":0,"comment_status":"closed","ping_status":"closed","template":"","meta":{"_themeisle_gutenberg_block_has_review":false,"footnotes":""},"class_list":["post-33","page","type-page","status-publish","hentry"],"_links":{"self":[{"href":"https:\/\/atelierlabaraque.com\/index.php?rest_route=\/wp\/v2\/pages\/33","targetHints":{"allow":["GET"]}}],"collection":[{"href":"https:\/\/atelierlabaraque.com\/index.php?rest_route=\/wp\/v2\/pages"}],"about":[{"href":"https:\/\/atelierlabaraque.com\/index.php?rest_route=\/wp\/v2\/types\/page"}],"author":[{"embeddable":true,"href":"https:\/\/atelierlabaraque.com\/index.php?rest_route=\/wp\/v2\/users\/2"}],"replies":[{"embeddable":true,"href":"https:\/\/atelierlabaraque.com\/index.php?rest_route=%2Fwp%2Fv2%2Fcomments&post=33"}],"version-history":[{"count":4,"href":"https:\/\/atelierlabaraque.com\/index.php?rest_route=\/wp\/v2\/pages\/33\/revisions"}],"predecessor-version":[{"id":133,"href":"https:\/\/atelierlabaraque.com\/index.php?rest_route=\/wp\/v2\/pages\/33\/revisions\/133"}],"wp:attachment":[{"href":"https:\/\/atelierlabaraque.com\/index.php?rest_route=%2Fwp%2Fv2%2Fmedia&parent=33"}],"curies":[{"name":"wp","href":"https:\/\/api.w.org\/{rel}","templated":true}]}}