{"id":35,"date":"2023-02-09T14:34:48","date_gmt":"2023-02-09T14:34:48","guid":{"rendered":"https:\/\/atelierlabaraque.com\/?page_id=35"},"modified":"2024-09-30T15:53:32","modified_gmt":"2024-09-30T15:53:32","slug":"letagere-fanzinotheque","status":"publish","type":"page","link":"https:\/\/atelierlabaraque.com\/?page_id=35","title":{"rendered":"L&rsquo;Agrafeuse &#8211; Fanzinoth\u00e8que"},"content":{"rendered":"\n<p>Par essence, Le fanzine est un objet en mouvement. <\/p>\n\n\n\n<p>C&rsquo;est donc naturellement que L&rsquo;Agrafeuse &#8211; la fanzinoth\u00e8que de la Baraque &#8211; se d\u00e9place au gr\u00e9 des expositions, des ateliers, des vernissages, des interventions, et de VOS \u00e9v\u00e9nements aussi.<\/p>\n\n\n\n<p>Nous pouvons installer la totalit\u00e9 de la fanzinoth\u00e8que ou simplement faire une soigneuse s\u00e9lection sur un th\u00e8me pr\u00e9cis ou une technique choisie : fanzine artistique, fanzine \u00e0 textes, fanzine militant, fanzine pour les enfants, fanzine BD, fanzine musique, fanzine s\u00e9rigraphi\u00e9, photocopi\u00e9, risographi\u00e9, fanzine fanzine fanzine&#8230;.<\/p>\n\n\n\n<p>Et puisqu&rsquo;on adore partager notre passion du fanzine, il est TOUJOURS possible de consulter les fanzines que nous pr\u00e9sentons lors de nos d\u00e9placements.<\/p>\n\n\n\n<p>N&rsquo;h\u00e9sitez pas \u00e0 proposer une rencontre, un atelier, une discussion, une pr\u00e9sentation&#8230; <\/p>\n\n\n\n<figure class=\"wp-block-image size-large\"><img loading=\"lazy\" decoding=\"async\" width=\"1024\" height=\"768\" src=\"https:\/\/atelierlabaraque.com\/wp-content\/uploads\/2023\/03\/IMG20211106113409-1024x768.jpg\" alt=\"\" class=\"wp-image-135\" srcset=\"https:\/\/atelierlabaraque.com\/wp-content\/uploads\/2023\/03\/IMG20211106113409-1024x768.jpg 1024w, https:\/\/atelierlabaraque.com\/wp-content\/uploads\/2023\/03\/IMG20211106113409-300x225.jpg 300w, https:\/\/atelierlabaraque.com\/wp-content\/uploads\/2023\/03\/IMG20211106113409-768x576.jpg 768w, https:\/\/atelierlabaraque.com\/wp-content\/uploads\/2023\/03\/IMG20211106113409-1536x1152.jpg 1536w, https:\/\/atelierlabaraque.com\/wp-content\/uploads\/2023\/03\/IMG20211106113409-2048x1536.jpg 2048w, https:\/\/atelierlabaraque.com\/wp-content\/uploads\/2023\/03\/IMG20211106113409-850x638.jpg 850w\" sizes=\"auto, (max-width: 1024px) 100vw, 1024px\" \/><\/figure>\n","protected":false},"excerpt":{"rendered":"<p>Par essence, Le fanzine est un objet en mouvement. C&rsquo;est donc naturellement que L&rsquo;Agrafeuse &#8211; la fanzinoth\u00e8que de la Baraque &#8211; se d\u00e9place au gr\u00e9 des expositions, des ateliers, des vernissages, des interventions, et de VOS \u00e9v\u00e9nements aussi. Nous pouvons installer la totalit\u00e9 de la fanzinoth\u00e8que ou simplement faire une soigneuse s\u00e9lection sur un th\u00e8me &hellip; <\/p>\n","protected":false},"author":2,"featured_media":0,"parent":0,"menu_order":0,"comment_status":"closed","ping_status":"closed","template":"","meta":{"_themeisle_gutenberg_block_has_review":false,"footnotes":""},"class_list":["post-35","page","type-page","status-publish","hentry"],"_links":{"self":[{"href":"https:\/\/atelierlabaraque.com\/index.php?rest_route=\/wp\/v2\/pages\/35","targetHints":{"allow":["GET"]}}],"collection":[{"href":"https:\/\/atelierlabaraque.com\/index.php?rest_route=\/wp\/v2\/pages"}],"about":[{"href":"https:\/\/atelierlabaraque.com\/index.php?rest_route=\/wp\/v2\/types\/page"}],"author":[{"embeddable":true,"href":"https:\/\/atelierlabaraque.com\/index.php?rest_route=\/wp\/v2\/users\/2"}],"replies":[{"embeddable":true,"href":"https:\/\/atelierlabaraque.com\/index.php?rest_route=%2Fwp%2Fv2%2Fcomments&post=35"}],"version-history":[{"count":6,"href":"https:\/\/atelierlabaraque.com\/index.php?rest_route=\/wp\/v2\/pages\/35\/revisions"}],"predecessor-version":[{"id":181,"href":"https:\/\/atelierlabaraque.com\/index.php?rest_route=\/wp\/v2\/pages\/35\/revisions\/181"}],"wp:attachment":[{"href":"https:\/\/atelierlabaraque.com\/index.php?rest_route=%2Fwp%2Fv2%2Fmedia&parent=35"}],"curies":[{"name":"wp","href":"https:\/\/api.w.org\/{rel}","templated":true}]}}