{"id":41,"date":"2023-02-09T14:35:36","date_gmt":"2023-02-09T14:35:36","guid":{"rendered":"https:\/\/atelierlabaraque.com\/?page_id=41"},"modified":"2023-02-09T17:08:55","modified_gmt":"2023-02-09T17:08:55","slug":"cest-qui","status":"publish","type":"page","link":"https:\/\/atelierlabaraque.com\/?page_id=41","title":{"rendered":"\u00c0 propos"},"content":{"rendered":"\n<p>Oriane Duboz est une artiste plasticienne pluridisciplinaire n\u00e9e dans le Jura en 1991.<\/p>\n\n\n\n<p>Tout commence avec la pratique de la photographie argentique, avec laquelle elle exp\u00e9rimente les techniques de prise de vue et de d\u00e9veloppement pour cr\u00e9er une photographie documentaire subjective teint\u00e9e d\u2019atmosph\u00e8res oniriques. Pour composer ses images, elle tire parti des d\u00e9fauts techniques d\u2019appareils de diff\u00e9rents formats collect\u00e9s, trouv\u00e9s et chin\u00e9s. Chacun devient alors un outil unique, valoris\u00e9, et \u00e0 contre-courant d\u2019un monde en \u00e9ternelle qu\u00eate de performance technique qui l\u2019aurait jug\u00e9 obsol\u00e8te.<\/p>\n\n\n\n<p>Lors de ses ann\u00e9es \u00e0 l\u2019\u00e9tranger, Oriane se concentre sur la photographie de rue dans une d\u00e9marche d\u2019archivage et de t\u00e9moignage social. Elle documente et questionne les mani\u00e8res dont s\u2019inscrivent l\u2019individu et l\u2019intime dans l\u2019espace public, notamment dans les communaut\u00e9s underground, les milieux de la musique et ceux du skate. Simultan\u00e9ment, l\u2019imaginaire projet\u00e9 sur ces espaces prend naturellement une place centrale dans le travail de l\u2019artiste. Elle m\u00eale alors la peinture, le dessin et les mots \u00e0 son travail photographique, et produit des fanzines, impressions artisanales et autres objets graphiques, qui sont alors fr\u00e9quemment associ\u00e9s aux performances et cr\u00e9ations d\u2019autres artistes po\u00e8tes et musiciens.<\/p>\n\n\n\n<p>Depuis 2019, Oriane Duboz poursuit son travail artistique dans son Jura natal et explore le lien humain tiss\u00e9 avec les territoires ruraux et montagnards.<br>Depuis 2021, elle d\u00e9veloppe L\u2019Atelier de La Baraque, un espace de cr\u00e9ation tant physique (situ\u00e9 dans une vieille ferme de village) que philosophique, en facilitant et portant des collaborations et expositions hors les murs. Elle intervient notamment lors de projets artistiques aupr\u00e8s de diff\u00e9rents publics (associations, scolaires, centres sociaux, librairies\u2026) et g\u00e8re une fanzinoth\u00e8que.<\/p>\n\n\n\n<figure class=\"wp-block-image size-large\"><img loading=\"lazy\" decoding=\"async\" width=\"1024\" height=\"768\" src=\"https:\/\/atelierlabaraque.com\/wp-content\/uploads\/2023\/02\/20220704_145153-1-1024x768.jpg\" alt=\"\" class=\"wp-image-61\" srcset=\"https:\/\/atelierlabaraque.com\/wp-content\/uploads\/2023\/02\/20220704_145153-1-1024x768.jpg 1024w, https:\/\/atelierlabaraque.com\/wp-content\/uploads\/2023\/02\/20220704_145153-1-300x225.jpg 300w, https:\/\/atelierlabaraque.com\/wp-content\/uploads\/2023\/02\/20220704_145153-1-768x576.jpg 768w, https:\/\/atelierlabaraque.com\/wp-content\/uploads\/2023\/02\/20220704_145153-1-1536x1152.jpg 1536w, https:\/\/atelierlabaraque.com\/wp-content\/uploads\/2023\/02\/20220704_145153-1-2048x1536.jpg 2048w\" sizes=\"auto, (max-width: 1024px) 100vw, 1024px\" \/><\/figure>\n","protected":false},"excerpt":{"rendered":"<p>Oriane Duboz est une artiste plasticienne pluridisciplinaire n\u00e9e dans le Jura en 1991. Tout commence avec la pratique de la photographie argentique, avec laquelle elle exp\u00e9rimente les techniques de prise de vue et de d\u00e9veloppement pour cr\u00e9er une photographie documentaire subjective teint\u00e9e d\u2019atmosph\u00e8res oniriques. Pour composer ses images, elle tire parti des d\u00e9fauts techniques d\u2019appareils &hellip; <\/p>\n","protected":false},"author":2,"featured_media":0,"parent":0,"menu_order":0,"comment_status":"closed","ping_status":"closed","template":"","meta":{"_themeisle_gutenberg_block_has_review":false,"footnotes":""},"class_list":["post-41","page","type-page","status-publish","hentry"],"_links":{"self":[{"href":"https:\/\/atelierlabaraque.com\/index.php?rest_route=\/wp\/v2\/pages\/41","targetHints":{"allow":["GET"]}}],"collection":[{"href":"https:\/\/atelierlabaraque.com\/index.php?rest_route=\/wp\/v2\/pages"}],"about":[{"href":"https:\/\/atelierlabaraque.com\/index.php?rest_route=\/wp\/v2\/types\/page"}],"author":[{"embeddable":true,"href":"https:\/\/atelierlabaraque.com\/index.php?rest_route=\/wp\/v2\/users\/2"}],"replies":[{"embeddable":true,"href":"https:\/\/atelierlabaraque.com\/index.php?rest_route=%2Fwp%2Fv2%2Fcomments&post=41"}],"version-history":[{"count":4,"href":"https:\/\/atelierlabaraque.com\/index.php?rest_route=\/wp\/v2\/pages\/41\/revisions"}],"predecessor-version":[{"id":114,"href":"https:\/\/atelierlabaraque.com\/index.php?rest_route=\/wp\/v2\/pages\/41\/revisions\/114"}],"wp:attachment":[{"href":"https:\/\/atelierlabaraque.com\/index.php?rest_route=%2Fwp%2Fv2%2Fmedia&parent=41"}],"curies":[{"name":"wp","href":"https:\/\/api.w.org\/{rel}","templated":true}]}}