{"id":76,"date":"2023-02-09T16:14:33","date_gmt":"2023-02-09T16:14:33","guid":{"rendered":"https:\/\/atelierlabaraque.com\/?page_id=76"},"modified":"2023-04-27T13:38:48","modified_gmt":"2023-04-27T13:38:48","slug":"contact","status":"publish","type":"page","link":"https:\/\/atelierlabaraque.com\/?page_id=76","title":{"rendered":"Contact"},"content":{"rendered":"\n<p>Pour toute question, projet, collaboration, vous pouvez \u00e9crire \u00e0 Oriane sur : coucou[at]atelierlabaraque.com<\/p>\n\n\n\n<p>Vous pouvez aussi envoyer vos fanzines \u00e0 ajouter \u00e0 la fanzinoth\u00e8que \u00e0 l&rsquo;adresse postale suivante, ils seront ajout\u00e9s aux prochaines expositions : <\/p>\n\n\n\n<p>Atelier de la Baraque <br>1 Rue de la Baraque<br>39800 Molain<\/p>\n","protected":false},"excerpt":{"rendered":"<p>Pour toute question, projet, collaboration, vous pouvez \u00e9crire \u00e0 Oriane sur : coucou[at]atelierlabaraque.com Vous pouvez aussi envoyer vos fanzines \u00e0 ajouter \u00e0 la fanzinoth\u00e8que \u00e0 l&rsquo;adresse postale suivante, ils seront ajout\u00e9s aux prochaines expositions : Atelier de la Baraque 1 Rue de la Baraque39800 Molain<\/p>\n","protected":false},"author":2,"featured_media":0,"parent":0,"menu_order":0,"comment_status":"closed","ping_status":"closed","template":"","meta":{"_themeisle_gutenberg_block_has_review":false,"footnotes":""},"class_list":["post-76","page","type-page","status-publish","hentry"],"_links":{"self":[{"href":"https:\/\/atelierlabaraque.com\/index.php?rest_route=\/wp\/v2\/pages\/76","targetHints":{"allow":["GET"]}}],"collection":[{"href":"https:\/\/atelierlabaraque.com\/index.php?rest_route=\/wp\/v2\/pages"}],"about":[{"href":"https:\/\/atelierlabaraque.com\/index.php?rest_route=\/wp\/v2\/types\/page"}],"author":[{"embeddable":true,"href":"https:\/\/atelierlabaraque.com\/index.php?rest_route=\/wp\/v2\/users\/2"}],"replies":[{"embeddable":true,"href":"https:\/\/atelierlabaraque.com\/index.php?rest_route=%2Fwp%2Fv2%2Fcomments&post=76"}],"version-history":[{"count":3,"href":"https:\/\/atelierlabaraque.com\/index.php?rest_route=\/wp\/v2\/pages\/76\/revisions"}],"predecessor-version":[{"id":141,"href":"https:\/\/atelierlabaraque.com\/index.php?rest_route=\/wp\/v2\/pages\/76\/revisions\/141"}],"wp:attachment":[{"href":"https:\/\/atelierlabaraque.com\/index.php?rest_route=%2Fwp%2Fv2%2Fmedia&parent=76"}],"curies":[{"name":"wp","href":"https:\/\/api.w.org\/{rel}","templated":true}]}}